{"id":47,"date":"2020-02-06T14:17:23","date_gmt":"2020-02-06T13:17:23","guid":{"rendered":"https:\/\/sandra-masse-art-therapie.fr\/?page_id=47"},"modified":"2024-05-05T16:15:23","modified_gmt":"2024-05-05T14:15:23","slug":"contact","status":"publish","type":"page","link":"https:\/\/sandra-masse-art-therapie.fr\/index.php\/contact\/","title":{"rendered":"Me contacter"},"content":{"rendered":"\n<div class=\"wp-block-group\"><div class=\"wp-block-group__inner-container is-layout-flow wp-block-group-is-layout-flow\">\n<h2 class=\"has-text-align-center wp-block-heading\">Que ce soit \u00e0 proximit\u00e9 de Tours ou autour de Neuill\u00e9-Pont-Pierre,<\/h2>\n\n\n\n<h2 class=\"has-text-align-center wp-block-heading\"> je me d\u00e9place !<\/h2>\n<\/div><\/div>\n\n\n\n<p class=\"has-text-align-center\">Situ\u00e9e au nord de l&rsquo;Indre-et-Loire \u00e0 35 minutes de Tours et en bordure de la Sarthe, j&rsquo;interviens \u00e0 domicile ou en institution, aux alentours de Neuill\u00e9-Pont-Pierre dans un rayon de 40 kilom\u00e8tres environ. <\/p>\n\n\n<div class=\"wp-block-image\">\n<figure class=\"aligncenter size-medium\"><img loading=\"lazy\" decoding=\"async\" width=\"300\" height=\"279\" src=\"https:\/\/sandra-masse-art-therapie.fr\/wp-content\/uploads\/2020\/11\/petit_personnage-01-300x279.png\" alt=\"Je me d\u00e9place en Indre-et-Loire autour de Neuill\u00e9-Pont-Pierre et la m\u00e9tropole de Tours\" class=\"wp-image-396\" srcset=\"https:\/\/sandra-masse-art-therapie.fr\/wp-content\/uploads\/2020\/11\/petit_personnage-01-300x279.png 300w, https:\/\/sandra-masse-art-therapie.fr\/wp-content\/uploads\/2020\/11\/petit_personnage-01-1024x953.png 1024w, https:\/\/sandra-masse-art-therapie.fr\/wp-content\/uploads\/2020\/11\/petit_personnage-01-768x715.png 768w, https:\/\/sandra-masse-art-therapie.fr\/wp-content\/uploads\/2020\/11\/petit_personnage-01-1536x1430.png 1536w, https:\/\/sandra-masse-art-therapie.fr\/wp-content\/uploads\/2020\/11\/petit_personnage-01-2048x1906.png 2048w, https:\/\/sandra-masse-art-therapie.fr\/wp-content\/uploads\/2020\/11\/petit_personnage-01-1200x1117.png 1200w\" sizes=\"auto, (max-width: 300px) 85vw, 300px\" \/><figcaption>                                                                                                                                          SIRET : 840 986 756 00020<\/figcaption><\/figure>\n<\/div>\n\n\n<h2 class=\"has-text-align-center wp-block-heading\">Besoin d&rsquo;un renseignement ?<\/h2>\n\n\n\n<p class=\"has-text-align-center\">Vous souhaitez davantage d&rsquo;informations, me contacter pour envisager une prise en charge en Art-th\u00e9rapie, orienter un ou plusieurs patients vers un accompagnement artistique et th\u00e9rapeutique ?<\/p>\n\n\n\n<p class=\"has-text-align-center\"> Vous trouverez ci-dessous ma carte ; retrouvez-moi \u00e9galement sur <a href=\"https:\/\/www.linkedin.com\/in\/sandra-mass\u00e9-544896109\" target=\"_blank\" rel=\"noreferrer noopener\">linkedin<\/a>.<\/p>\n\n\n\n<p class=\"has-text-align-center\">                                                                                  Merci et \u00e0 bient\u00f4t. <\/p>\n\n\n\n<figure class=\"wp-block-gallery has-nested-images columns-1 is-cropped wp-block-gallery-1 is-layout-flex wp-block-gallery-is-layout-flex\">\n<figure class=\"wp-block-image size-large\"><img loading=\"lazy\" decoding=\"async\" width=\"1004\" height=\"650\" data-id=\"41\" src=\"https:\/\/sandra-masse-art-therapie.fr\/wp-content\/uploads\/2020\/02\/carte_visite_1.jpg\" alt=\"\" class=\"wp-image-41\" srcset=\"https:\/\/sandra-masse-art-therapie.fr\/wp-content\/uploads\/2020\/02\/carte_visite_1.jpg 1004w, https:\/\/sandra-masse-art-therapie.fr\/wp-content\/uploads\/2020\/02\/carte_visite_1-300x194.jpg 300w, https:\/\/sandra-masse-art-therapie.fr\/wp-content\/uploads\/2020\/02\/carte_visite_1-768x497.jpg 768w\" sizes=\"auto, (max-width: 709px) 85vw, (max-width: 909px) 67vw, (max-width: 1362px) 62vw, 840px\" \/><\/figure>\n\n\n\n<figure class=\"wp-block-image size-large\"><img loading=\"lazy\" decoding=\"async\" width=\"1004\" height=\"650\" data-id=\"40\" src=\"https:\/\/sandra-masse-art-therapie.fr\/wp-content\/uploads\/2020\/02\/carte_visite_2.jpg\" alt=\"\" class=\"wp-image-40\" srcset=\"https:\/\/sandra-masse-art-therapie.fr\/wp-content\/uploads\/2020\/02\/carte_visite_2.jpg 1004w, https:\/\/sandra-masse-art-therapie.fr\/wp-content\/uploads\/2020\/02\/carte_visite_2-300x194.jpg 300w, https:\/\/sandra-masse-art-therapie.fr\/wp-content\/uploads\/2020\/02\/carte_visite_2-768x497.jpg 768w\" sizes=\"auto, (max-width: 709px) 85vw, (max-width: 909px) 67vw, (max-width: 1362px) 62vw, 840px\" \/><\/figure>\n<\/figure>\n\n\n\n<p><\/p>\n","protected":false},"excerpt":{"rendered":"<p>Que ce soit \u00e0 proximit\u00e9 de Tours ou autour de Neuill\u00e9-Pont-Pierre, je me d\u00e9place ! Situ\u00e9e au nord de l&rsquo;Indre-et-Loire \u00e0 35 minutes de Tours et en bordure de la Sarthe, j&rsquo;interviens \u00e0 domicile ou en institution, aux alentours de Neuill\u00e9-Pont-Pierre dans un rayon de 40 kilom\u00e8tres environ. Besoin d&rsquo;un renseignement ? Vous souhaitez davantage &hellip; <a href=\"https:\/\/sandra-masse-art-therapie.fr\/index.php\/contact\/\" class=\"more-link\">Continuer la lecture<span class=\"screen-reader-text\"> de &laquo;&nbsp;Me contacter&nbsp;&raquo;<\/span><\/a><\/p>\n","protected":false},"author":1,"featured_media":0,"parent":0,"menu_order":0,"comment_status":"closed","ping_status":"closed","template":"","meta":{"footnotes":""},"class_list":["post-47","page","type-page","status-publish","hentry"],"yoast_head":"<!-- This site is optimized with the Yoast SEO plugin v27.3 - https:\/\/yoast.com\/product\/yoast-seo-wordpress\/ -->\n<title>Sandra Mass\u00e9 - Art-th\u00e9rapie &#8226; Contact<\/title>\n<meta name=\"description\" content=\"S\u00e9ances d&#039;Art-th\u00e9rapie sur Tours et alentours, et \u00e0 proximit\u00e9 de Neuill\u00e9-Pont-Pierre, \u00e0 domicile ou en institution.\" \/>\n<meta name=\"robots\" content=\"index, follow, max-snippet:-1, max-image-preview:large, max-video-preview:-1\" \/>\n<link rel=\"canonical\" href=\"https:\/\/sandra-masse-art-therapie.fr\/index.php\/contact\/\" \/>\n<meta property=\"og:locale\" content=\"fr_FR\" \/>\n<meta property=\"og:type\" content=\"article\" \/>\n<meta property=\"og:title\" content=\"Sandra Mass\u00e9 - Art-th\u00e9rapie &#8226; Contact\" \/>\n<meta property=\"og:description\" content=\"S\u00e9ances d&#039;Art-th\u00e9rapie sur Tours et alentours, et \u00e0 proximit\u00e9 de Neuill\u00e9-Pont-Pierre, \u00e0 domicile ou en institution.\" \/>\n<meta property=\"og:url\" content=\"https:\/\/sandra-masse-art-therapie.fr\/index.php\/contact\/\" \/>\n<meta property=\"og:site_name\" content=\"Sandra Mass\u00e9\" \/>\n<meta property=\"article:modified_time\" content=\"2024-05-05T14:15:23+00:00\" \/>\n<meta property=\"og:image\" content=\"https:\/\/sandra-masse-art-therapie.fr\/wp-content\/uploads\/2020\/11\/petit_personnage-01-300x279.png\" \/>\n<meta name=\"twitter:card\" content=\"summary_large_image\" \/>\n<meta name=\"twitter:label1\" content=\"Dur\u00e9e de lecture estim\u00e9e\" \/>\n\t<meta name=\"twitter:data1\" content=\"2 minutes\" \/>\n<script type=\"application\/ld+json\" class=\"yoast-schema-graph\">{\"@context\":\"https:\\\/\\\/schema.org\",\"@graph\":[{\"@type\":\"WebPage\",\"@id\":\"https:\\\/\\\/sandra-masse-art-therapie.fr\\\/index.php\\\/contact\\\/\",\"url\":\"https:\\\/\\\/sandra-masse-art-therapie.fr\\\/index.php\\\/contact\\\/\",\"name\":\"Sandra Mass\u00e9 - Art-th\u00e9rapie &#8226; Contact\",\"isPartOf\":{\"@id\":\"https:\\\/\\\/sandra-masse-art-therapie.fr\\\/#website\"},\"primaryImageOfPage\":{\"@id\":\"https:\\\/\\\/sandra-masse-art-therapie.fr\\\/index.php\\\/contact\\\/#primaryimage\"},\"image\":{\"@id\":\"https:\\\/\\\/sandra-masse-art-therapie.fr\\\/index.php\\\/contact\\\/#primaryimage\"},\"thumbnailUrl\":\"https:\\\/\\\/sandra-masse-art-therapie.fr\\\/wp-content\\\/uploads\\\/2020\\\/11\\\/petit_personnage-01-300x279.png\",\"datePublished\":\"2020-02-06T13:17:23+00:00\",\"dateModified\":\"2024-05-05T14:15:23+00:00\",\"description\":\"S\u00e9ances d'Art-th\u00e9rapie sur Tours et alentours, et \u00e0 proximit\u00e9 de Neuill\u00e9-Pont-Pierre, \u00e0 domicile ou en institution.\",\"breadcrumb\":{\"@id\":\"https:\\\/\\\/sandra-masse-art-therapie.fr\\\/index.php\\\/contact\\\/#breadcrumb\"},\"inLanguage\":\"fr-FR\",\"potentialAction\":[{\"@type\":\"ReadAction\",\"target\":[\"https:\\\/\\\/sandra-masse-art-therapie.fr\\\/index.php\\\/contact\\\/\"]}]},{\"@type\":\"ImageObject\",\"inLanguage\":\"fr-FR\",\"@id\":\"https:\\\/\\\/sandra-masse-art-therapie.fr\\\/index.php\\\/contact\\\/#primaryimage\",\"url\":\"https:\\\/\\\/sandra-masse-art-therapie.fr\\\/wp-content\\\/uploads\\\/2020\\\/11\\\/petit_personnage-01.png\",\"contentUrl\":\"https:\\\/\\\/sandra-masse-art-therapie.fr\\\/wp-content\\\/uploads\\\/2020\\\/11\\\/petit_personnage-01.png\",\"width\":2413,\"height\":2246},{\"@type\":\"BreadcrumbList\",\"@id\":\"https:\\\/\\\/sandra-masse-art-therapie.fr\\\/index.php\\\/contact\\\/#breadcrumb\",\"itemListElement\":[{\"@type\":\"ListItem\",\"position\":1,\"name\":\"Accueil\",\"item\":\"https:\\\/\\\/sandra-masse-art-therapie.fr\\\/\"},{\"@type\":\"ListItem\",\"position\":2,\"name\":\"Me contacter\"}]},{\"@type\":\"WebSite\",\"@id\":\"https:\\\/\\\/sandra-masse-art-therapie.fr\\\/#website\",\"url\":\"https:\\\/\\\/sandra-masse-art-therapie.fr\\\/\",\"name\":\"Sandra Mass\u00e9\",\"description\":\"ART-TH\u00c9RAPEUTE\",\"publisher\":{\"@id\":\"https:\\\/\\\/sandra-masse-art-therapie.fr\\\/#organization\"},\"potentialAction\":[{\"@type\":\"SearchAction\",\"target\":{\"@type\":\"EntryPoint\",\"urlTemplate\":\"https:\\\/\\\/sandra-masse-art-therapie.fr\\\/?s={search_term_string}\"},\"query-input\":{\"@type\":\"PropertyValueSpecification\",\"valueRequired\":true,\"valueName\":\"search_term_string\"}}],\"inLanguage\":\"fr-FR\"},{\"@type\":\"Organization\",\"@id\":\"https:\\\/\\\/sandra-masse-art-therapie.fr\\\/#organization\",\"name\":\"Sandra Mass\u00e9 Art-th\u00e9rapeute\",\"url\":\"https:\\\/\\\/sandra-masse-art-therapie.fr\\\/\",\"logo\":{\"@type\":\"ImageObject\",\"inLanguage\":\"fr-FR\",\"@id\":\"https:\\\/\\\/sandra-masse-art-therapie.fr\\\/#\\\/schema\\\/logo\\\/image\\\/\",\"url\":\"https:\\\/\\\/sandra-masse-art-therapie.fr\\\/wp-content\\\/uploads\\\/2020\\\/02\\\/carte_visite_1.jpg\",\"contentUrl\":\"https:\\\/\\\/sandra-masse-art-therapie.fr\\\/wp-content\\\/uploads\\\/2020\\\/02\\\/carte_visite_1.jpg\",\"width\":1004,\"height\":650,\"caption\":\"Sandra Mass\u00e9 Art-th\u00e9rapeute\"},\"image\":{\"@id\":\"https:\\\/\\\/sandra-masse-art-therapie.fr\\\/#\\\/schema\\\/logo\\\/image\\\/\"},\"sameAs\":[\"https:\\\/\\\/www.linkedin.com\\\/in\\\/sandra-mass\u00e9-544896109\"]}]}<\/script>\n<!-- \/ Yoast SEO plugin. -->","yoast_head_json":{"title":"Sandra Mass\u00e9 - Art-th\u00e9rapie &#8226; Contact","description":"S\u00e9ances d'Art-th\u00e9rapie sur Tours et alentours, et \u00e0 proximit\u00e9 de Neuill\u00e9-Pont-Pierre, \u00e0 domicile ou en institution.","robots":{"index":"index","follow":"follow","max-snippet":"max-snippet:-1","max-image-preview":"max-image-preview:large","max-video-preview":"max-video-preview:-1"},"canonical":"https:\/\/sandra-masse-art-therapie.fr\/index.php\/contact\/","og_locale":"fr_FR","og_type":"article","og_title":"Sandra Mass\u00e9 - Art-th\u00e9rapie &#8226; Contact","og_description":"S\u00e9ances d'Art-th\u00e9rapie sur Tours et alentours, et \u00e0 proximit\u00e9 de Neuill\u00e9-Pont-Pierre, \u00e0 domicile ou en institution.","og_url":"https:\/\/sandra-masse-art-therapie.fr\/index.php\/contact\/","og_site_name":"Sandra Mass\u00e9","article_modified_time":"2024-05-05T14:15:23+00:00","og_image":[{"url":"https:\/\/sandra-masse-art-therapie.fr\/wp-content\/uploads\/2020\/11\/petit_personnage-01-300x279.png","type":"","width":"","height":""}],"twitter_card":"summary_large_image","twitter_misc":{"Dur\u00e9e de lecture estim\u00e9e":"2 minutes"},"schema":{"@context":"https:\/\/schema.org","@graph":[{"@type":"WebPage","@id":"https:\/\/sandra-masse-art-therapie.fr\/index.php\/contact\/","url":"https:\/\/sandra-masse-art-therapie.fr\/index.php\/contact\/","name":"Sandra Mass\u00e9 - Art-th\u00e9rapie &#8226; Contact","isPartOf":{"@id":"https:\/\/sandra-masse-art-therapie.fr\/#website"},"primaryImageOfPage":{"@id":"https:\/\/sandra-masse-art-therapie.fr\/index.php\/contact\/#primaryimage"},"image":{"@id":"https:\/\/sandra-masse-art-therapie.fr\/index.php\/contact\/#primaryimage"},"thumbnailUrl":"https:\/\/sandra-masse-art-therapie.fr\/wp-content\/uploads\/2020\/11\/petit_personnage-01-300x279.png","datePublished":"2020-02-06T13:17:23+00:00","dateModified":"2024-05-05T14:15:23+00:00","description":"S\u00e9ances d'Art-th\u00e9rapie sur Tours et alentours, et \u00e0 proximit\u00e9 de Neuill\u00e9-Pont-Pierre, \u00e0 domicile ou en institution.","breadcrumb":{"@id":"https:\/\/sandra-masse-art-therapie.fr\/index.php\/contact\/#breadcrumb"},"inLanguage":"fr-FR","potentialAction":[{"@type":"ReadAction","target":["https:\/\/sandra-masse-art-therapie.fr\/index.php\/contact\/"]}]},{"@type":"ImageObject","inLanguage":"fr-FR","@id":"https:\/\/sandra-masse-art-therapie.fr\/index.php\/contact\/#primaryimage","url":"https:\/\/sandra-masse-art-therapie.fr\/wp-content\/uploads\/2020\/11\/petit_personnage-01.png","contentUrl":"https:\/\/sandra-masse-art-therapie.fr\/wp-content\/uploads\/2020\/11\/petit_personnage-01.png","width":2413,"height":2246},{"@type":"BreadcrumbList","@id":"https:\/\/sandra-masse-art-therapie.fr\/index.php\/contact\/#breadcrumb","itemListElement":[{"@type":"ListItem","position":1,"name":"Accueil","item":"https:\/\/sandra-masse-art-therapie.fr\/"},{"@type":"ListItem","position":2,"name":"Me contacter"}]},{"@type":"WebSite","@id":"https:\/\/sandra-masse-art-therapie.fr\/#website","url":"https:\/\/sandra-masse-art-therapie.fr\/","name":"Sandra Mass\u00e9","description":"ART-TH\u00c9RAPEUTE","publisher":{"@id":"https:\/\/sandra-masse-art-therapie.fr\/#organization"},"potentialAction":[{"@type":"SearchAction","target":{"@type":"EntryPoint","urlTemplate":"https:\/\/sandra-masse-art-therapie.fr\/?s={search_term_string}"},"query-input":{"@type":"PropertyValueSpecification","valueRequired":true,"valueName":"search_term_string"}}],"inLanguage":"fr-FR"},{"@type":"Organization","@id":"https:\/\/sandra-masse-art-therapie.fr\/#organization","name":"Sandra Mass\u00e9 Art-th\u00e9rapeute","url":"https:\/\/sandra-masse-art-therapie.fr\/","logo":{"@type":"ImageObject","inLanguage":"fr-FR","@id":"https:\/\/sandra-masse-art-therapie.fr\/#\/schema\/logo\/image\/","url":"https:\/\/sandra-masse-art-therapie.fr\/wp-content\/uploads\/2020\/02\/carte_visite_1.jpg","contentUrl":"https:\/\/sandra-masse-art-therapie.fr\/wp-content\/uploads\/2020\/02\/carte_visite_1.jpg","width":1004,"height":650,"caption":"Sandra Mass\u00e9 Art-th\u00e9rapeute"},"image":{"@id":"https:\/\/sandra-masse-art-therapie.fr\/#\/schema\/logo\/image\/"},"sameAs":["https:\/\/www.linkedin.com\/in\/sandra-mass\u00e9-544896109"]}]}},"_links":{"self":[{"href":"https:\/\/sandra-masse-art-therapie.fr\/index.php\/wp-json\/wp\/v2\/pages\/47","targetHints":{"allow":["GET"]}}],"collection":[{"href":"https:\/\/sandra-masse-art-therapie.fr\/index.php\/wp-json\/wp\/v2\/pages"}],"about":[{"href":"https:\/\/sandra-masse-art-therapie.fr\/index.php\/wp-json\/wp\/v2\/types\/page"}],"author":[{"embeddable":true,"href":"https:\/\/sandra-masse-art-therapie.fr\/index.php\/wp-json\/wp\/v2\/users\/1"}],"replies":[{"embeddable":true,"href":"https:\/\/sandra-masse-art-therapie.fr\/index.php\/wp-json\/wp\/v2\/comments?post=47"}],"version-history":[{"count":26,"href":"https:\/\/sandra-masse-art-therapie.fr\/index.php\/wp-json\/wp\/v2\/pages\/47\/revisions"}],"predecessor-version":[{"id":528,"href":"https:\/\/sandra-masse-art-therapie.fr\/index.php\/wp-json\/wp\/v2\/pages\/47\/revisions\/528"}],"wp:attachment":[{"href":"https:\/\/sandra-masse-art-therapie.fr\/index.php\/wp-json\/wp\/v2\/media?parent=47"}],"curies":[{"name":"wp","href":"https:\/\/api.w.org\/{rel}","templated":true}]}}