{"id":540,"date":"2026-04-13T21:18:49","date_gmt":"2026-04-13T19:18:49","guid":{"rendered":"https:\/\/sandra-masse-art-therapie.fr\/?page_id=540"},"modified":"2026-04-13T21:18:49","modified_gmt":"2026-04-13T19:18:49","slug":"le-projet-therapeutique-un-socle-pour-le-soin","status":"publish","type":"page","link":"https:\/\/sandra-masse-art-therapie.fr\/index.php\/le-projet-therapeutique-un-socle-pour-le-soin\/","title":{"rendered":"Le projet th\u00e9rapeutique, un socle pour le soin"},"content":{"rendered":"\n<p>La pratique de l&rsquo;Art-th\u00e9rapie s&rsquo;inscrit dans une <strong>d\u00e9marche de soin<\/strong> en exploitant les propri\u00e9t\u00e9s sp\u00e9cifiques des techniques artistiques propos\u00e9es \u00e0 la personne afin de <strong>favoriser un mieux-\u00eatre<\/strong> et <strong>favoriser sa qualit\u00e9 de vie<\/strong>.<\/p>\n\n\n\n<p>Cette prise en charge est compl\u00e9mentaire des autres soins indiqu\u00e9s au patient est <strong>adapt\u00e9e aux besoins et capacit\u00e9s<\/strong> de ce dernier. <br><br>Le choix de la technique artistique est d\u00e9termin\u00e9 \u00e0 la fois par les go\u00fbts du patient et l&rsquo;int\u00e9r\u00eat qu&rsquo;il peut en retirer en atelier.<\/p>\n\n\n\n<p>Des objectifs th\u00e9rapeutiques sont formul\u00e9s et \u00e9nonc\u00e9s au pr\u00e9alable au patient.<\/p>\n\n\n\n<p>Des contacts sont pr\u00e9conis\u00e9s, et de fait, envisageables avec l&rsquo;ensemble des praticiens intervenant aupr\u00e8s du patient, dans le respect des r\u00e8gles d\u00e9ontologiques li\u00e9es \u00e0 la protection de ses informations personnelles.<\/p>\n\n\n\n<p>Un <strong>bilan <\/strong>est effectu\u00e9 \u00e0 la fin de la prise en charge mais \u00e9galement en cours de prise en charge lorsque cela est pertinent. Il permet notamment d&rsquo;affiner les objectifs th\u00e9rapeutiques vis\u00e9s.<\/p>\n\n\n\n<p class=\"has-text-align-center\"><em><a href=\"\/index.php\/les-ateliers\">Quelques informations compl\u00e9mentaires<\/a> sur le d\u00e9roulement de mes ateliers<\/em><\/p>\n\n\n\n<p><\/p>\n\n\n\n<figure class=\"wp-block-gallery has-nested-images columns-2 is-cropped wp-block-gallery-1 is-layout-flex wp-block-gallery-is-layout-flex\">\n<figure class=\"wp-block-image size-large\"><img loading=\"lazy\" decoding=\"async\" width=\"1024\" height=\"759\" data-id=\"258\" src=\"https:\/\/sandra-masse-art-therapie.fr\/wp-content\/uploads\/2020\/05\/Copie-de-2015-11-18-18.21.20.jpg-transfo-1024x759.jpg\" alt=\"Sandra Mass\u00e9 Art-Th\u00e9rapie Arts Graphiques - Peinture\" class=\"wp-image-258\" srcset=\"https:\/\/sandra-masse-art-therapie.fr\/wp-content\/uploads\/2020\/05\/Copie-de-2015-11-18-18.21.20.jpg-transfo-1024x759.jpg 1024w, https:\/\/sandra-masse-art-therapie.fr\/wp-content\/uploads\/2020\/05\/Copie-de-2015-11-18-18.21.20.jpg-transfo-300x222.jpg 300w, https:\/\/sandra-masse-art-therapie.fr\/wp-content\/uploads\/2020\/05\/Copie-de-2015-11-18-18.21.20.jpg-transfo-768x569.jpg 768w, https:\/\/sandra-masse-art-therapie.fr\/wp-content\/uploads\/2020\/05\/Copie-de-2015-11-18-18.21.20.jpg-transfo-1200x889.jpg 1200w\" sizes=\"auto, (max-width: 709px) 85vw, (max-width: 909px) 67vw, (max-width: 1362px) 62vw, 840px\" \/><\/figure>\n\n\n\n<figure class=\"wp-block-image size-large\"><img loading=\"lazy\" decoding=\"async\" width=\"1024\" height=\"776\" data-id=\"265\" src=\"https:\/\/sandra-masse-art-therapie.fr\/wp-content\/uploads\/2020\/05\/sandra-sculptures-007-2.jpg-transfo-1024x776.jpg\" alt=\"Sandra Mass\u00e9 Art-Th\u00e9rapie Arts Plastiques - Modellage\" class=\"wp-image-265\" srcset=\"https:\/\/sandra-masse-art-therapie.fr\/wp-content\/uploads\/2020\/05\/sandra-sculptures-007-2.jpg-transfo-1024x776.jpg 1024w, https:\/\/sandra-masse-art-therapie.fr\/wp-content\/uploads\/2020\/05\/sandra-sculptures-007-2.jpg-transfo-300x227.jpg 300w, https:\/\/sandra-masse-art-therapie.fr\/wp-content\/uploads\/2020\/05\/sandra-sculptures-007-2.jpg-transfo-768x582.jpg 768w, https:\/\/sandra-masse-art-therapie.fr\/wp-content\/uploads\/2020\/05\/sandra-sculptures-007-2.jpg-transfo-1200x910.jpg 1200w\" sizes=\"auto, (max-width: 709px) 85vw, (max-width: 909px) 67vw, (max-width: 1362px) 62vw, 840px\" \/><\/figure>\n\n\n\n<figure class=\"wp-block-image size-large\"><img loading=\"lazy\" decoding=\"async\" width=\"1024\" height=\"762\" data-id=\"256\" src=\"https:\/\/sandra-masse-art-therapie.fr\/wp-content\/uploads\/2020\/05\/20170831_095431.jpg-transfo-1024x762.jpg\" alt=\"Sandra Mass\u00e9 Art-Th\u00e9rapie Arts Plastiques - Modellage - Peinture\" class=\"wp-image-256\" srcset=\"https:\/\/sandra-masse-art-therapie.fr\/wp-content\/uploads\/2020\/05\/20170831_095431.jpg-transfo-1024x762.jpg 1024w, https:\/\/sandra-masse-art-therapie.fr\/wp-content\/uploads\/2020\/05\/20170831_095431.jpg-transfo-300x223.jpg 300w, https:\/\/sandra-masse-art-therapie.fr\/wp-content\/uploads\/2020\/05\/20170831_095431.jpg-transfo-768x572.jpg 768w, https:\/\/sandra-masse-art-therapie.fr\/wp-content\/uploads\/2020\/05\/20170831_095431.jpg-transfo-1200x894.jpg 1200w\" sizes=\"auto, (max-width: 709px) 85vw, (max-width: 909px) 67vw, (max-width: 1362px) 62vw, 840px\" \/><\/figure>\n<\/figure>\n\n\n\n<p><\/p>\n","protected":false},"excerpt":{"rendered":"<p>La pratique de l&rsquo;Art-th\u00e9rapie s&rsquo;inscrit dans une d\u00e9marche de soin en exploitant les propri\u00e9t\u00e9s sp\u00e9cifiques des techniques artistiques propos\u00e9es \u00e0 la personne afin de favoriser un mieux-\u00eatre et favoriser sa qualit\u00e9 de vie. Cette prise en charge est compl\u00e9mentaire des autres soins indiqu\u00e9s au patient est adapt\u00e9e aux besoins et capacit\u00e9s de ce dernier. Le &hellip; <a href=\"https:\/\/sandra-masse-art-therapie.fr\/index.php\/le-projet-therapeutique-un-socle-pour-le-soin\/\" class=\"more-link\">Continuer la lecture<span class=\"screen-reader-text\"> de &laquo;&nbsp;Le projet th\u00e9rapeutique, un socle pour le soin&nbsp;&raquo;<\/span><\/a><\/p>\n","protected":false},"author":1,"featured_media":0,"parent":0,"menu_order":0,"comment_status":"closed","ping_status":"closed","template":"","meta":{"footnotes":""},"class_list":["post-540","page","type-page","status-publish","hentry"],"yoast_head":"<!-- This site is optimized with the Yoast SEO plugin v27.3 - https:\/\/yoast.com\/product\/yoast-seo-wordpress\/ -->\n<title>Le projet th\u00e9rapeutique, un socle pour le soin &#8226; Sandra Mass\u00e9<\/title>\n<meta name=\"description\" content=\"Art-th\u00e9rapeute certifi\u00e9e et dipl\u00f4m\u00e9e de la facult\u00e9 de m\u00e9decine de Tours, je propose un accompagnement th\u00e9rapeutique adapt\u00e9 \u00e0 chacun (danse, expression corporelle, modelage, arts plastiques\/graphiques), autour de la m\u00e9tropole de Tours.\" \/>\n<meta name=\"robots\" content=\"index, follow, max-snippet:-1, max-image-preview:large, max-video-preview:-1\" \/>\n<link rel=\"canonical\" href=\"https:\/\/sandra-masse-art-therapie.fr\/index.php\/le-projet-therapeutique-un-socle-pour-le-soin\/\" \/>\n<meta property=\"og:locale\" content=\"fr_FR\" \/>\n<meta property=\"og:type\" content=\"article\" \/>\n<meta property=\"og:title\" content=\"Le projet th\u00e9rapeutique, un socle pour le soin &#8226; Sandra Mass\u00e9\" \/>\n<meta property=\"og:description\" content=\"Art-th\u00e9rapeute certifi\u00e9e et dipl\u00f4m\u00e9e de la facult\u00e9 de m\u00e9decine de Tours, je propose un accompagnement th\u00e9rapeutique adapt\u00e9 \u00e0 chacun (danse, expression corporelle, modelage, arts plastiques\/graphiques), autour de la m\u00e9tropole de Tours.\" \/>\n<meta property=\"og:url\" content=\"https:\/\/sandra-masse-art-therapie.fr\/index.php\/le-projet-therapeutique-un-socle-pour-le-soin\/\" \/>\n<meta property=\"og:site_name\" content=\"Sandra Mass\u00e9\" \/>\n<meta property=\"og:image\" content=\"https:\/\/sandra-masse-art-therapie.fr\/wp-content\/uploads\/2020\/05\/Copie-de-2015-11-18-18.21.20.jpg-transfo.jpg\" \/>\n\t<meta property=\"og:image:width\" content=\"2438\" \/>\n\t<meta property=\"og:image:height\" content=\"1806\" \/>\n\t<meta property=\"og:image:type\" content=\"image\/jpeg\" \/>\n<meta name=\"twitter:card\" content=\"summary_large_image\" \/>\n<meta name=\"twitter:label1\" content=\"Dur\u00e9e de lecture estim\u00e9e\" \/>\n\t<meta name=\"twitter:data1\" content=\"2 minutes\" \/>\n<script type=\"application\/ld+json\" class=\"yoast-schema-graph\">{\"@context\":\"https:\\\/\\\/schema.org\",\"@graph\":[{\"@type\":\"WebPage\",\"@id\":\"https:\\\/\\\/sandra-masse-art-therapie.fr\\\/index.php\\\/le-projet-therapeutique-un-socle-pour-le-soin\\\/\",\"url\":\"https:\\\/\\\/sandra-masse-art-therapie.fr\\\/index.php\\\/le-projet-therapeutique-un-socle-pour-le-soin\\\/\",\"name\":\"Le projet th\u00e9rapeutique, un socle pour le soin &#8226; Sandra Mass\u00e9\",\"isPartOf\":{\"@id\":\"https:\\\/\\\/sandra-masse-art-therapie.fr\\\/#website\"},\"primaryImageOfPage\":{\"@id\":\"https:\\\/\\\/sandra-masse-art-therapie.fr\\\/index.php\\\/le-projet-therapeutique-un-socle-pour-le-soin\\\/#primaryimage\"},\"image\":{\"@id\":\"https:\\\/\\\/sandra-masse-art-therapie.fr\\\/index.php\\\/le-projet-therapeutique-un-socle-pour-le-soin\\\/#primaryimage\"},\"thumbnailUrl\":\"https:\\\/\\\/sandra-masse-art-therapie.fr\\\/wp-content\\\/uploads\\\/2020\\\/05\\\/Copie-de-2015-11-18-18.21.20.jpg-transfo-1024x759.jpg\",\"datePublished\":\"2026-04-13T19:18:49+00:00\",\"description\":\"Art-th\u00e9rapeute certifi\u00e9e et dipl\u00f4m\u00e9e de la facult\u00e9 de m\u00e9decine de Tours, je propose un accompagnement th\u00e9rapeutique adapt\u00e9 \u00e0 chacun (danse, expression corporelle, modelage, arts plastiques\\\/graphiques), autour de la m\u00e9tropole de Tours.\",\"breadcrumb\":{\"@id\":\"https:\\\/\\\/sandra-masse-art-therapie.fr\\\/index.php\\\/le-projet-therapeutique-un-socle-pour-le-soin\\\/#breadcrumb\"},\"inLanguage\":\"fr-FR\",\"potentialAction\":[{\"@type\":\"ReadAction\",\"target\":[\"https:\\\/\\\/sandra-masse-art-therapie.fr\\\/index.php\\\/le-projet-therapeutique-un-socle-pour-le-soin\\\/\"]}]},{\"@type\":\"ImageObject\",\"inLanguage\":\"fr-FR\",\"@id\":\"https:\\\/\\\/sandra-masse-art-therapie.fr\\\/index.php\\\/le-projet-therapeutique-un-socle-pour-le-soin\\\/#primaryimage\",\"url\":\"https:\\\/\\\/sandra-masse-art-therapie.fr\\\/wp-content\\\/uploads\\\/2020\\\/05\\\/Copie-de-2015-11-18-18.21.20.jpg-transfo.jpg\",\"contentUrl\":\"https:\\\/\\\/sandra-masse-art-therapie.fr\\\/wp-content\\\/uploads\\\/2020\\\/05\\\/Copie-de-2015-11-18-18.21.20.jpg-transfo.jpg\",\"width\":2438,\"height\":1806,\"caption\":\"Sandra Mass\u00e9 Art-Th\u00e9rapie Arts Graphiques - Peinture\"},{\"@type\":\"BreadcrumbList\",\"@id\":\"https:\\\/\\\/sandra-masse-art-therapie.fr\\\/index.php\\\/le-projet-therapeutique-un-socle-pour-le-soin\\\/#breadcrumb\",\"itemListElement\":[{\"@type\":\"ListItem\",\"position\":1,\"name\":\"Accueil\",\"item\":\"https:\\\/\\\/sandra-masse-art-therapie.fr\\\/\"},{\"@type\":\"ListItem\",\"position\":2,\"name\":\"Le projet th\u00e9rapeutique, un socle pour le soin\"}]},{\"@type\":\"WebSite\",\"@id\":\"https:\\\/\\\/sandra-masse-art-therapie.fr\\\/#website\",\"url\":\"https:\\\/\\\/sandra-masse-art-therapie.fr\\\/\",\"name\":\"Sandra Mass\u00e9\",\"description\":\"ART-TH\u00c9RAPEUTE\",\"publisher\":{\"@id\":\"https:\\\/\\\/sandra-masse-art-therapie.fr\\\/#organization\"},\"potentialAction\":[{\"@type\":\"SearchAction\",\"target\":{\"@type\":\"EntryPoint\",\"urlTemplate\":\"https:\\\/\\\/sandra-masse-art-therapie.fr\\\/?s={search_term_string}\"},\"query-input\":{\"@type\":\"PropertyValueSpecification\",\"valueRequired\":true,\"valueName\":\"search_term_string\"}}],\"inLanguage\":\"fr-FR\"},{\"@type\":\"Organization\",\"@id\":\"https:\\\/\\\/sandra-masse-art-therapie.fr\\\/#organization\",\"name\":\"Sandra Mass\u00e9 Art-th\u00e9rapeute\",\"url\":\"https:\\\/\\\/sandra-masse-art-therapie.fr\\\/\",\"logo\":{\"@type\":\"ImageObject\",\"inLanguage\":\"fr-FR\",\"@id\":\"https:\\\/\\\/sandra-masse-art-therapie.fr\\\/#\\\/schema\\\/logo\\\/image\\\/\",\"url\":\"https:\\\/\\\/sandra-masse-art-therapie.fr\\\/wp-content\\\/uploads\\\/2020\\\/02\\\/carte_visite_1.jpg\",\"contentUrl\":\"https:\\\/\\\/sandra-masse-art-therapie.fr\\\/wp-content\\\/uploads\\\/2020\\\/02\\\/carte_visite_1.jpg\",\"width\":1004,\"height\":650,\"caption\":\"Sandra Mass\u00e9 Art-th\u00e9rapeute\"},\"image\":{\"@id\":\"https:\\\/\\\/sandra-masse-art-therapie.fr\\\/#\\\/schema\\\/logo\\\/image\\\/\"},\"sameAs\":[\"https:\\\/\\\/www.linkedin.com\\\/in\\\/sandra-mass\u00e9-544896109\"]}]}<\/script>\n<!-- \/ Yoast SEO plugin. -->","yoast_head_json":{"title":"Le projet th\u00e9rapeutique, un socle pour le soin &#8226; Sandra Mass\u00e9","description":"Art-th\u00e9rapeute certifi\u00e9e et dipl\u00f4m\u00e9e de la facult\u00e9 de m\u00e9decine de Tours, je propose un accompagnement th\u00e9rapeutique adapt\u00e9 \u00e0 chacun (danse, expression corporelle, modelage, arts plastiques\/graphiques), autour de la m\u00e9tropole de Tours.","robots":{"index":"index","follow":"follow","max-snippet":"max-snippet:-1","max-image-preview":"max-image-preview:large","max-video-preview":"max-video-preview:-1"},"canonical":"https:\/\/sandra-masse-art-therapie.fr\/index.php\/le-projet-therapeutique-un-socle-pour-le-soin\/","og_locale":"fr_FR","og_type":"article","og_title":"Le projet th\u00e9rapeutique, un socle pour le soin &#8226; Sandra Mass\u00e9","og_description":"Art-th\u00e9rapeute certifi\u00e9e et dipl\u00f4m\u00e9e de la facult\u00e9 de m\u00e9decine de Tours, je propose un accompagnement th\u00e9rapeutique adapt\u00e9 \u00e0 chacun (danse, expression corporelle, modelage, arts plastiques\/graphiques), autour de la m\u00e9tropole de Tours.","og_url":"https:\/\/sandra-masse-art-therapie.fr\/index.php\/le-projet-therapeutique-un-socle-pour-le-soin\/","og_site_name":"Sandra Mass\u00e9","og_image":[{"width":2438,"height":1806,"url":"https:\/\/sandra-masse-art-therapie.fr\/wp-content\/uploads\/2020\/05\/Copie-de-2015-11-18-18.21.20.jpg-transfo.jpg","type":"image\/jpeg"}],"twitter_card":"summary_large_image","twitter_misc":{"Dur\u00e9e de lecture estim\u00e9e":"2 minutes"},"schema":{"@context":"https:\/\/schema.org","@graph":[{"@type":"WebPage","@id":"https:\/\/sandra-masse-art-therapie.fr\/index.php\/le-projet-therapeutique-un-socle-pour-le-soin\/","url":"https:\/\/sandra-masse-art-therapie.fr\/index.php\/le-projet-therapeutique-un-socle-pour-le-soin\/","name":"Le projet th\u00e9rapeutique, un socle pour le soin &#8226; Sandra Mass\u00e9","isPartOf":{"@id":"https:\/\/sandra-masse-art-therapie.fr\/#website"},"primaryImageOfPage":{"@id":"https:\/\/sandra-masse-art-therapie.fr\/index.php\/le-projet-therapeutique-un-socle-pour-le-soin\/#primaryimage"},"image":{"@id":"https:\/\/sandra-masse-art-therapie.fr\/index.php\/le-projet-therapeutique-un-socle-pour-le-soin\/#primaryimage"},"thumbnailUrl":"https:\/\/sandra-masse-art-therapie.fr\/wp-content\/uploads\/2020\/05\/Copie-de-2015-11-18-18.21.20.jpg-transfo-1024x759.jpg","datePublished":"2026-04-13T19:18:49+00:00","description":"Art-th\u00e9rapeute certifi\u00e9e et dipl\u00f4m\u00e9e de la facult\u00e9 de m\u00e9decine de Tours, je propose un accompagnement th\u00e9rapeutique adapt\u00e9 \u00e0 chacun (danse, expression corporelle, modelage, arts plastiques\/graphiques), autour de la m\u00e9tropole de Tours.","breadcrumb":{"@id":"https:\/\/sandra-masse-art-therapie.fr\/index.php\/le-projet-therapeutique-un-socle-pour-le-soin\/#breadcrumb"},"inLanguage":"fr-FR","potentialAction":[{"@type":"ReadAction","target":["https:\/\/sandra-masse-art-therapie.fr\/index.php\/le-projet-therapeutique-un-socle-pour-le-soin\/"]}]},{"@type":"ImageObject","inLanguage":"fr-FR","@id":"https:\/\/sandra-masse-art-therapie.fr\/index.php\/le-projet-therapeutique-un-socle-pour-le-soin\/#primaryimage","url":"https:\/\/sandra-masse-art-therapie.fr\/wp-content\/uploads\/2020\/05\/Copie-de-2015-11-18-18.21.20.jpg-transfo.jpg","contentUrl":"https:\/\/sandra-masse-art-therapie.fr\/wp-content\/uploads\/2020\/05\/Copie-de-2015-11-18-18.21.20.jpg-transfo.jpg","width":2438,"height":1806,"caption":"Sandra Mass\u00e9 Art-Th\u00e9rapie Arts Graphiques - Peinture"},{"@type":"BreadcrumbList","@id":"https:\/\/sandra-masse-art-therapie.fr\/index.php\/le-projet-therapeutique-un-socle-pour-le-soin\/#breadcrumb","itemListElement":[{"@type":"ListItem","position":1,"name":"Accueil","item":"https:\/\/sandra-masse-art-therapie.fr\/"},{"@type":"ListItem","position":2,"name":"Le projet th\u00e9rapeutique, un socle pour le soin"}]},{"@type":"WebSite","@id":"https:\/\/sandra-masse-art-therapie.fr\/#website","url":"https:\/\/sandra-masse-art-therapie.fr\/","name":"Sandra Mass\u00e9","description":"ART-TH\u00c9RAPEUTE","publisher":{"@id":"https:\/\/sandra-masse-art-therapie.fr\/#organization"},"potentialAction":[{"@type":"SearchAction","target":{"@type":"EntryPoint","urlTemplate":"https:\/\/sandra-masse-art-therapie.fr\/?s={search_term_string}"},"query-input":{"@type":"PropertyValueSpecification","valueRequired":true,"valueName":"search_term_string"}}],"inLanguage":"fr-FR"},{"@type":"Organization","@id":"https:\/\/sandra-masse-art-therapie.fr\/#organization","name":"Sandra Mass\u00e9 Art-th\u00e9rapeute","url":"https:\/\/sandra-masse-art-therapie.fr\/","logo":{"@type":"ImageObject","inLanguage":"fr-FR","@id":"https:\/\/sandra-masse-art-therapie.fr\/#\/schema\/logo\/image\/","url":"https:\/\/sandra-masse-art-therapie.fr\/wp-content\/uploads\/2020\/02\/carte_visite_1.jpg","contentUrl":"https:\/\/sandra-masse-art-therapie.fr\/wp-content\/uploads\/2020\/02\/carte_visite_1.jpg","width":1004,"height":650,"caption":"Sandra Mass\u00e9 Art-th\u00e9rapeute"},"image":{"@id":"https:\/\/sandra-masse-art-therapie.fr\/#\/schema\/logo\/image\/"},"sameAs":["https:\/\/www.linkedin.com\/in\/sandra-mass\u00e9-544896109"]}]}},"_links":{"self":[{"href":"https:\/\/sandra-masse-art-therapie.fr\/index.php\/wp-json\/wp\/v2\/pages\/540","targetHints":{"allow":["GET"]}}],"collection":[{"href":"https:\/\/sandra-masse-art-therapie.fr\/index.php\/wp-json\/wp\/v2\/pages"}],"about":[{"href":"https:\/\/sandra-masse-art-therapie.fr\/index.php\/wp-json\/wp\/v2\/types\/page"}],"author":[{"embeddable":true,"href":"https:\/\/sandra-masse-art-therapie.fr\/index.php\/wp-json\/wp\/v2\/users\/1"}],"replies":[{"embeddable":true,"href":"https:\/\/sandra-masse-art-therapie.fr\/index.php\/wp-json\/wp\/v2\/comments?post=540"}],"version-history":[{"count":2,"href":"https:\/\/sandra-masse-art-therapie.fr\/index.php\/wp-json\/wp\/v2\/pages\/540\/revisions"}],"predecessor-version":[{"id":543,"href":"https:\/\/sandra-masse-art-therapie.fr\/index.php\/wp-json\/wp\/v2\/pages\/540\/revisions\/543"}],"wp:attachment":[{"href":"https:\/\/sandra-masse-art-therapie.fr\/index.php\/wp-json\/wp\/v2\/media?parent=540"}],"curies":[{"name":"wp","href":"https:\/\/api.w.org\/{rel}","templated":true}]}}