{"id":7,"date":"2020-02-06T12:32:52","date_gmt":"2020-02-06T11:32:52","guid":{"rendered":"https:\/\/sandra-masse-art-therapie.fr\/?page_id=7"},"modified":"2025-09-25T19:08:55","modified_gmt":"2025-09-25T17:08:55","slug":"art-therapie-ecole-de-tours","status":"publish","type":"page","link":"https:\/\/sandra-masse-art-therapie.fr\/","title":{"rendered":"L&rsquo;Art-th\u00e9rapie"},"content":{"rendered":"\n<h2 class=\"wp-block-heading\">L\u2019Art-th\u00e9rapie moderne est issue d\u2019un courant identifi\u00e9 et reconnu. Elle est enseign\u00e9e \u00e0 l\u2019AFRATAPEM, \u00e9cole d&rsquo;Art-th\u00e9rapie de Tours en Indre-et-Loire. <\/h2>\n\n\n\n<p>Entre cr\u00e9ativit\u00e9, expressivit\u00e9 et savoir-faire, l&rsquo;Art-th\u00e9rapie nous conduit sur les chemins du soin pour avoir ou retrouver le <strong>plaisir \u00e0 \u00catre<\/strong> et \u00e0 <strong>l&rsquo;exprimer<\/strong>. <br><br>Cette discipline param\u00e9dicale trouve son originalit\u00e9 dans l&rsquo;exploitation du potentiel artistique de la personne dans une <strong>vis\u00e9e humanitaire<\/strong> et <strong>th\u00e9rapeutique<\/strong>. La pratique de l&rsquo;Art-th\u00e9rapie telle que je l&rsquo;envisage s&rsquo;appuie sur le code de d\u00e9ontologie \u00e9dit\u00e9 par l&rsquo;<a href=\"https:\/\/art-therapie-tours.net\/\" target=\"_blank\" rel=\"noreferrer noopener\"><strong>AFRATAPEM<\/strong><\/a> &#8211; <strong>\u00c9cole d\u2019Art-th\u00e9rapie de Tours<\/strong>).<\/p>\n\n\n\n<p>Cette discipline s&rsquo;adresse aux personnes souffrant de <strong>troubles<\/strong> de <strong>l&rsquo;expression<\/strong>, de <strong>la communication<\/strong>, et de <strong>la relation<\/strong>. Les s\u00e9ances d&rsquo;Art-th\u00e9rapie se d\u00e9roulent sous la forme d&rsquo;ateliers individuels ou collectifs (5 \u00e0 6 personnes au maximum). Si l&rsquo;Art-th\u00e9rapie se diff\u00e9rencie de l&rsquo;atelier d&rsquo;Art et de l&rsquo;animation d&rsquo;ateliers multi-techniques, c&rsquo;est parce qu&rsquo;elle s&rsquo;appuie sur un <strong>\u00e9tayage sanitaire<\/strong> et sur un <a href=\".\/index.php\/projet-therapeutique-en-pratique\/\"><strong>projet th\u00e9rapeutique<\/strong><\/a> construit. <\/p>\n\n\n\n<hr class=\"wp-block-separator has-css-opacity\"\/>\n\n\n\n<p>C&rsquo;est sur ces bases que je vous propose l&rsquo;<strong>Expression corporelle, la Danse, les Arts&nbsp;plastiques et graphiques<\/strong> comme panel de techniques artistiques \u00e0 exploiter ensemble au travers de <a href=\".\/index.php\/les-ateliers\/\">mes ateliers<\/a>, sur Tours m\u00e9tropole et alentours.<\/p>\n\n\n\n<p class=\"has-text-align-center\"><em><a href=\".\/index.php\/a-propos\/\">En savoir plus sur mon parcours<\/a><\/em> <\/p>\n\n\n\n<hr class=\"wp-block-separator has-css-opacity\"\/>\n\n\n\n<figure class=\"wp-block-gallery has-nested-images columns-3 is-cropped wp-block-gallery-1 is-layout-flex wp-block-gallery-is-layout-flex\">\n<figure class=\"wp-block-image size-large\"><img loading=\"lazy\" decoding=\"async\" width=\"557\" height=\"427\" data-id=\"264\" src=\"https:\/\/sandra-masse-art-therapie.fr\/wp-content\/uploads\/2020\/05\/Photo0236.jpg-Transfo.jpg\" alt=\"Sandra Mass\u00e9 Art-Th\u00e9rapie Arts Graphiques - Peinture\" class=\"wp-image-264\" srcset=\"https:\/\/sandra-masse-art-therapie.fr\/wp-content\/uploads\/2020\/05\/Photo0236.jpg-Transfo.jpg 557w, https:\/\/sandra-masse-art-therapie.fr\/wp-content\/uploads\/2020\/05\/Photo0236.jpg-Transfo-300x230.jpg 300w\" sizes=\"auto, (max-width: 557px) 85vw, 557px\" \/><\/figure>\n\n\n\n<figure class=\"wp-block-image size-large\"><img loading=\"lazy\" decoding=\"async\" width=\"923\" height=\"718\" data-id=\"361\" src=\"https:\/\/sandra-masse-art-therapie.fr\/wp-content\/uploads\/2020\/05\/image-sandra-chantraine.jpg\" alt=\"Sandra Mass\u00e9 Art-Th\u00e9rapie Danse - Expression Corporelle\" class=\"wp-image-361\" srcset=\"https:\/\/sandra-masse-art-therapie.fr\/wp-content\/uploads\/2020\/05\/image-sandra-chantraine.jpg 923w, https:\/\/sandra-masse-art-therapie.fr\/wp-content\/uploads\/2020\/05\/image-sandra-chantraine-300x233.jpg 300w, https:\/\/sandra-masse-art-therapie.fr\/wp-content\/uploads\/2020\/05\/image-sandra-chantraine-768x597.jpg 768w\" sizes=\"auto, (max-width: 709px) 85vw, (max-width: 909px) 67vw, (max-width: 1362px) 62vw, 840px\" \/><\/figure>\n\n\n\n<figure class=\"wp-block-image size-large\"><img loading=\"lazy\" decoding=\"async\" width=\"1024\" height=\"643\" data-id=\"260\" src=\"https:\/\/sandra-masse-art-therapie.fr\/wp-content\/uploads\/2020\/05\/Copie-de-2016-01-31-12.16.20.jpg-transfo-1024x643.jpg\" alt=\"Sandra Mass\u00e9 Art-Th\u00e9rapie Arts Graphiques - Peinture\" class=\"wp-image-260\" srcset=\"https:\/\/sandra-masse-art-therapie.fr\/wp-content\/uploads\/2020\/05\/Copie-de-2016-01-31-12.16.20.jpg-transfo-1024x643.jpg 1024w, https:\/\/sandra-masse-art-therapie.fr\/wp-content\/uploads\/2020\/05\/Copie-de-2016-01-31-12.16.20.jpg-transfo-300x188.jpg 300w, https:\/\/sandra-masse-art-therapie.fr\/wp-content\/uploads\/2020\/05\/Copie-de-2016-01-31-12.16.20.jpg-transfo-768x482.jpg 768w, https:\/\/sandra-masse-art-therapie.fr\/wp-content\/uploads\/2020\/05\/Copie-de-2016-01-31-12.16.20.jpg-transfo-1200x753.jpg 1200w\" sizes=\"auto, (max-width: 709px) 85vw, (max-width: 909px) 67vw, (max-width: 1362px) 62vw, 840px\" \/><\/figure>\n<\/figure>\n\n\n<\/p>\n<p><center><em>Les images et photographies d&rsquo;illustration sont prot\u00e9g\u00e9es<br \/>et font l&rsquo;objet de droits \u00e0 l&rsquo;image et droits d&rsquo;auteur. <\/em><\/center><\/p>\n\n\n<p><br><\/p>\n","protected":false},"excerpt":{"rendered":"<p>L\u2019Art-th\u00e9rapie moderne est issue d\u2019un courant identifi\u00e9 et reconnu. Elle est enseign\u00e9e \u00e0 l\u2019AFRATAPEM, \u00e9cole d&rsquo;Art-th\u00e9rapie de Tours en Indre-et-Loire. Entre cr\u00e9ativit\u00e9, expressivit\u00e9 et savoir-faire, l&rsquo;Art-th\u00e9rapie nous conduit sur les chemins du soin pour avoir ou retrouver le plaisir \u00e0 \u00catre et \u00e0 l&rsquo;exprimer. Cette discipline param\u00e9dicale trouve son originalit\u00e9 dans l&rsquo;exploitation du potentiel artistique &hellip; <a href=\"https:\/\/sandra-masse-art-therapie.fr\/\" class=\"more-link\">Continuer la lecture<span class=\"screen-reader-text\"> de &laquo;&nbsp;L&rsquo;Art-th\u00e9rapie&nbsp;&raquo;<\/span><\/a><\/p>\n","protected":false},"author":1,"featured_media":0,"parent":0,"menu_order":0,"comment_status":"closed","ping_status":"closed","template":"","meta":{"footnotes":""},"class_list":["post-7","page","type-page","status-publish","hentry"],"yoast_head":"<!-- This site is optimized with the Yoast SEO plugin v27.3 - https:\/\/yoast.com\/product\/yoast-seo-wordpress\/ -->\n<title>Sandra Mass\u00e9 - Art-th\u00e9rapie &#8226; Tours m\u00e9tropole et alentours<\/title>\n<meta name=\"description\" content=\"Art-th\u00e9rapeute de l\u2019\u00c9cole de Tours depuis 2017. S\u00e9ances d&#039;Art-th\u00e9rapie : danse, expression corporelle, modelage, arts plastiques et graphiques\" \/>\n<meta name=\"robots\" content=\"index, follow, max-snippet:-1, max-image-preview:large, max-video-preview:-1\" \/>\n<link rel=\"canonical\" href=\"https:\/\/sandra-masse-art-therapie.fr\/\" \/>\n<meta property=\"og:locale\" content=\"fr_FR\" \/>\n<meta property=\"og:type\" content=\"article\" \/>\n<meta property=\"og:title\" content=\"Sandra Mass\u00e9 - Art-th\u00e9rapie &#8226; Tours m\u00e9tropole et alentours\" \/>\n<meta property=\"og:description\" content=\"Art-th\u00e9rapeute de l\u2019\u00c9cole de Tours depuis 2017. S\u00e9ances d&#039;Art-th\u00e9rapie : danse, expression corporelle, modelage, arts plastiques et graphiques\" \/>\n<meta property=\"og:url\" content=\"https:\/\/sandra-masse-art-therapie.fr\/\" \/>\n<meta property=\"og:site_name\" content=\"Sandra Mass\u00e9\" \/>\n<meta property=\"article:modified_time\" content=\"2025-09-25T17:08:55+00:00\" \/>\n<meta property=\"og:image\" content=\"https:\/\/sandra-masse-art-therapie.fr\/wp-content\/uploads\/2020\/05\/Photo0236.jpg-Transfo.jpg\" \/>\n\t<meta property=\"og:image:width\" content=\"557\" \/>\n\t<meta property=\"og:image:height\" content=\"427\" \/>\n\t<meta property=\"og:image:type\" content=\"image\/jpeg\" \/>\n<meta name=\"twitter:card\" content=\"summary_large_image\" \/>\n<meta name=\"twitter:label1\" content=\"Dur\u00e9e de lecture estim\u00e9e\" \/>\n\t<meta name=\"twitter:data1\" content=\"2 minutes\" \/>\n<script type=\"application\/ld+json\" class=\"yoast-schema-graph\">{\"@context\":\"https:\\\/\\\/schema.org\",\"@graph\":[{\"@type\":\"WebPage\",\"@id\":\"https:\\\/\\\/sandra-masse-art-therapie.fr\\\/\",\"url\":\"https:\\\/\\\/sandra-masse-art-therapie.fr\\\/\",\"name\":\"Sandra Mass\u00e9 - Art-th\u00e9rapie &#8226; Tours m\u00e9tropole et alentours\",\"isPartOf\":{\"@id\":\"https:\\\/\\\/sandra-masse-art-therapie.fr\\\/#website\"},\"primaryImageOfPage\":{\"@id\":\"https:\\\/\\\/sandra-masse-art-therapie.fr\\\/#primaryimage\"},\"image\":{\"@id\":\"https:\\\/\\\/sandra-masse-art-therapie.fr\\\/#primaryimage\"},\"thumbnailUrl\":\"https:\\\/\\\/sandra-masse-art-therapie.fr\\\/wp-content\\\/uploads\\\/2020\\\/05\\\/Photo0236.jpg-Transfo.jpg\",\"datePublished\":\"2020-02-06T11:32:52+00:00\",\"dateModified\":\"2025-09-25T17:08:55+00:00\",\"description\":\"Art-th\u00e9rapeute de l\u2019\u00c9cole de Tours depuis 2017. S\u00e9ances d'Art-th\u00e9rapie : danse, expression corporelle, modelage, arts plastiques et graphiques\",\"breadcrumb\":{\"@id\":\"https:\\\/\\\/sandra-masse-art-therapie.fr\\\/#breadcrumb\"},\"inLanguage\":\"fr-FR\",\"potentialAction\":[{\"@type\":\"ReadAction\",\"target\":[\"https:\\\/\\\/sandra-masse-art-therapie.fr\\\/\"]}]},{\"@type\":\"ImageObject\",\"inLanguage\":\"fr-FR\",\"@id\":\"https:\\\/\\\/sandra-masse-art-therapie.fr\\\/#primaryimage\",\"url\":\"https:\\\/\\\/sandra-masse-art-therapie.fr\\\/wp-content\\\/uploads\\\/2020\\\/05\\\/Photo0236.jpg-Transfo.jpg\",\"contentUrl\":\"https:\\\/\\\/sandra-masse-art-therapie.fr\\\/wp-content\\\/uploads\\\/2020\\\/05\\\/Photo0236.jpg-Transfo.jpg\",\"width\":557,\"height\":427,\"caption\":\"exemple peinture\"},{\"@type\":\"BreadcrumbList\",\"@id\":\"https:\\\/\\\/sandra-masse-art-therapie.fr\\\/#breadcrumb\",\"itemListElement\":[{\"@type\":\"ListItem\",\"position\":1,\"name\":\"Accueil\",\"item\":\"https:\\\/\\\/sandra-masse-art-therapie.fr\\\/\"},{\"@type\":\"ListItem\",\"position\":2,\"name\":\"L&#8217;Art-th\u00e9rapie\"}]},{\"@type\":\"WebSite\",\"@id\":\"https:\\\/\\\/sandra-masse-art-therapie.fr\\\/#website\",\"url\":\"https:\\\/\\\/sandra-masse-art-therapie.fr\\\/\",\"name\":\"Sandra Mass\u00e9\",\"description\":\"ART-TH\u00c9RAPEUTE\",\"publisher\":{\"@id\":\"https:\\\/\\\/sandra-masse-art-therapie.fr\\\/#organization\"},\"potentialAction\":[{\"@type\":\"SearchAction\",\"target\":{\"@type\":\"EntryPoint\",\"urlTemplate\":\"https:\\\/\\\/sandra-masse-art-therapie.fr\\\/?s={search_term_string}\"},\"query-input\":{\"@type\":\"PropertyValueSpecification\",\"valueRequired\":true,\"valueName\":\"search_term_string\"}}],\"inLanguage\":\"fr-FR\"},{\"@type\":\"Organization\",\"@id\":\"https:\\\/\\\/sandra-masse-art-therapie.fr\\\/#organization\",\"name\":\"Sandra Mass\u00e9 Art-th\u00e9rapeute\",\"url\":\"https:\\\/\\\/sandra-masse-art-therapie.fr\\\/\",\"logo\":{\"@type\":\"ImageObject\",\"inLanguage\":\"fr-FR\",\"@id\":\"https:\\\/\\\/sandra-masse-art-therapie.fr\\\/#\\\/schema\\\/logo\\\/image\\\/\",\"url\":\"https:\\\/\\\/sandra-masse-art-therapie.fr\\\/wp-content\\\/uploads\\\/2020\\\/02\\\/carte_visite_1.jpg\",\"contentUrl\":\"https:\\\/\\\/sandra-masse-art-therapie.fr\\\/wp-content\\\/uploads\\\/2020\\\/02\\\/carte_visite_1.jpg\",\"width\":1004,\"height\":650,\"caption\":\"Sandra Mass\u00e9 Art-th\u00e9rapeute\"},\"image\":{\"@id\":\"https:\\\/\\\/sandra-masse-art-therapie.fr\\\/#\\\/schema\\\/logo\\\/image\\\/\"},\"sameAs\":[\"https:\\\/\\\/www.linkedin.com\\\/in\\\/sandra-mass\u00e9-544896109\"]}]}<\/script>\n<!-- \/ Yoast SEO plugin. -->","yoast_head_json":{"title":"Sandra Mass\u00e9 - Art-th\u00e9rapie &#8226; Tours m\u00e9tropole et alentours","description":"Art-th\u00e9rapeute de l\u2019\u00c9cole de Tours depuis 2017. S\u00e9ances d'Art-th\u00e9rapie : danse, expression corporelle, modelage, arts plastiques et graphiques","robots":{"index":"index","follow":"follow","max-snippet":"max-snippet:-1","max-image-preview":"max-image-preview:large","max-video-preview":"max-video-preview:-1"},"canonical":"https:\/\/sandra-masse-art-therapie.fr\/","og_locale":"fr_FR","og_type":"article","og_title":"Sandra Mass\u00e9 - Art-th\u00e9rapie &#8226; Tours m\u00e9tropole et alentours","og_description":"Art-th\u00e9rapeute de l\u2019\u00c9cole de Tours depuis 2017. S\u00e9ances d'Art-th\u00e9rapie : danse, expression corporelle, modelage, arts plastiques et graphiques","og_url":"https:\/\/sandra-masse-art-therapie.fr\/","og_site_name":"Sandra Mass\u00e9","article_modified_time":"2025-09-25T17:08:55+00:00","og_image":[{"width":557,"height":427,"url":"https:\/\/sandra-masse-art-therapie.fr\/wp-content\/uploads\/2020\/05\/Photo0236.jpg-Transfo.jpg","type":"image\/jpeg"}],"twitter_card":"summary_large_image","twitter_misc":{"Dur\u00e9e de lecture estim\u00e9e":"2 minutes"},"schema":{"@context":"https:\/\/schema.org","@graph":[{"@type":"WebPage","@id":"https:\/\/sandra-masse-art-therapie.fr\/","url":"https:\/\/sandra-masse-art-therapie.fr\/","name":"Sandra Mass\u00e9 - Art-th\u00e9rapie &#8226; Tours m\u00e9tropole et alentours","isPartOf":{"@id":"https:\/\/sandra-masse-art-therapie.fr\/#website"},"primaryImageOfPage":{"@id":"https:\/\/sandra-masse-art-therapie.fr\/#primaryimage"},"image":{"@id":"https:\/\/sandra-masse-art-therapie.fr\/#primaryimage"},"thumbnailUrl":"https:\/\/sandra-masse-art-therapie.fr\/wp-content\/uploads\/2020\/05\/Photo0236.jpg-Transfo.jpg","datePublished":"2020-02-06T11:32:52+00:00","dateModified":"2025-09-25T17:08:55+00:00","description":"Art-th\u00e9rapeute de l\u2019\u00c9cole de Tours depuis 2017. S\u00e9ances d'Art-th\u00e9rapie : danse, expression corporelle, modelage, arts plastiques et graphiques","breadcrumb":{"@id":"https:\/\/sandra-masse-art-therapie.fr\/#breadcrumb"},"inLanguage":"fr-FR","potentialAction":[{"@type":"ReadAction","target":["https:\/\/sandra-masse-art-therapie.fr\/"]}]},{"@type":"ImageObject","inLanguage":"fr-FR","@id":"https:\/\/sandra-masse-art-therapie.fr\/#primaryimage","url":"https:\/\/sandra-masse-art-therapie.fr\/wp-content\/uploads\/2020\/05\/Photo0236.jpg-Transfo.jpg","contentUrl":"https:\/\/sandra-masse-art-therapie.fr\/wp-content\/uploads\/2020\/05\/Photo0236.jpg-Transfo.jpg","width":557,"height":427,"caption":"exemple peinture"},{"@type":"BreadcrumbList","@id":"https:\/\/sandra-masse-art-therapie.fr\/#breadcrumb","itemListElement":[{"@type":"ListItem","position":1,"name":"Accueil","item":"https:\/\/sandra-masse-art-therapie.fr\/"},{"@type":"ListItem","position":2,"name":"L&#8217;Art-th\u00e9rapie"}]},{"@type":"WebSite","@id":"https:\/\/sandra-masse-art-therapie.fr\/#website","url":"https:\/\/sandra-masse-art-therapie.fr\/","name":"Sandra Mass\u00e9","description":"ART-TH\u00c9RAPEUTE","publisher":{"@id":"https:\/\/sandra-masse-art-therapie.fr\/#organization"},"potentialAction":[{"@type":"SearchAction","target":{"@type":"EntryPoint","urlTemplate":"https:\/\/sandra-masse-art-therapie.fr\/?s={search_term_string}"},"query-input":{"@type":"PropertyValueSpecification","valueRequired":true,"valueName":"search_term_string"}}],"inLanguage":"fr-FR"},{"@type":"Organization","@id":"https:\/\/sandra-masse-art-therapie.fr\/#organization","name":"Sandra Mass\u00e9 Art-th\u00e9rapeute","url":"https:\/\/sandra-masse-art-therapie.fr\/","logo":{"@type":"ImageObject","inLanguage":"fr-FR","@id":"https:\/\/sandra-masse-art-therapie.fr\/#\/schema\/logo\/image\/","url":"https:\/\/sandra-masse-art-therapie.fr\/wp-content\/uploads\/2020\/02\/carte_visite_1.jpg","contentUrl":"https:\/\/sandra-masse-art-therapie.fr\/wp-content\/uploads\/2020\/02\/carte_visite_1.jpg","width":1004,"height":650,"caption":"Sandra Mass\u00e9 Art-th\u00e9rapeute"},"image":{"@id":"https:\/\/sandra-masse-art-therapie.fr\/#\/schema\/logo\/image\/"},"sameAs":["https:\/\/www.linkedin.com\/in\/sandra-mass\u00e9-544896109"]}]}},"_links":{"self":[{"href":"https:\/\/sandra-masse-art-therapie.fr\/index.php\/wp-json\/wp\/v2\/pages\/7","targetHints":{"allow":["GET"]}}],"collection":[{"href":"https:\/\/sandra-masse-art-therapie.fr\/index.php\/wp-json\/wp\/v2\/pages"}],"about":[{"href":"https:\/\/sandra-masse-art-therapie.fr\/index.php\/wp-json\/wp\/v2\/types\/page"}],"author":[{"embeddable":true,"href":"https:\/\/sandra-masse-art-therapie.fr\/index.php\/wp-json\/wp\/v2\/users\/1"}],"replies":[{"embeddable":true,"href":"https:\/\/sandra-masse-art-therapie.fr\/index.php\/wp-json\/wp\/v2\/comments?post=7"}],"version-history":[{"count":71,"href":"https:\/\/sandra-masse-art-therapie.fr\/index.php\/wp-json\/wp\/v2\/pages\/7\/revisions"}],"predecessor-version":[{"id":533,"href":"https:\/\/sandra-masse-art-therapie.fr\/index.php\/wp-json\/wp\/v2\/pages\/7\/revisions\/533"}],"wp:attachment":[{"href":"https:\/\/sandra-masse-art-therapie.fr\/index.php\/wp-json\/wp\/v2\/media?parent=7"}],"curies":[{"name":"wp","href":"https:\/\/api.w.org\/{rel}","templated":true}]}}