{"id":9,"date":"2020-02-06T12:33:45","date_gmt":"2020-02-06T11:33:45","guid":{"rendered":"https:\/\/sandra-masse-art-therapie.fr\/?page_id=9"},"modified":"2022-01-20T20:21:15","modified_gmt":"2022-01-20T19:21:15","slug":"les-ateliers","status":"publish","type":"page","link":"https:\/\/sandra-masse-art-therapie.fr\/index.php\/les-ateliers\/","title":{"rendered":"Les ateliers"},"content":{"rendered":"\n<p>En lib\u00e9ral \u00e0 domicile, ou au sein d&rsquo;une structure pluridisciplinaire sociale ou m\u00e9dico-sociale, en milieu hospitalier, l&rsquo;Art-th\u00e9rapie s&rsquo;appuie sur les capacit\u00e9s et comp\u00e9tences du patient pour construire la prise en soin. Cette discipline peut \u00eatre compl\u00e9mentaire d&rsquo;un programme de soin plus global. <\/p>\n\n\n\n<div class=\"wp-block-media-text alignwide has-media-on-the-right\" style=\"grid-template-columns:auto 28%\"><figure class=\"wp-block-media-text__media\"><img loading=\"lazy\" decoding=\"async\" width=\"606\" height=\"505\" src=\"https:\/\/sandra-masse-art-therapie.fr\/wp-content\/uploads\/2020\/05\/Copie-de-l_oiseau-po\u00e8te.jpg\" alt=\"\" class=\"wp-image-261 size-full\" srcset=\"https:\/\/sandra-masse-art-therapie.fr\/wp-content\/uploads\/2020\/05\/Copie-de-l_oiseau-po\u00e8te.jpg 606w, https:\/\/sandra-masse-art-therapie.fr\/wp-content\/uploads\/2020\/05\/Copie-de-l_oiseau-po\u00e8te-300x250.jpg 300w\" sizes=\"auto, (max-width: 606px) 85vw, 606px\" \/><\/figure><div class=\"wp-block-media-text__content\">\n<p>Les ateliers sont individualis\u00e9s ou collectifs (5&nbsp;personnes en moyenne). Le nombre de s\u00e9ances est \u00e9tabli avec le patient, avec son responsable l\u00e9gal ou le responsable institutionnel ayant sollicit\u00e9 la prise en charge. Si vous envisagez une prise en charge, n&rsquo;h\u00e9sitez pas \u00e0 me <a href=\".\/index.php\/contact\">contacter<\/a> pour que nous puissions \u00e9changer ensemble sur votre projet.<\/p>\n\n\n\n<p><strong>Les tarifs&nbsp;\u00e0&nbsp;titre&nbsp;indicatif<\/strong><\/p>\n\n\n\n<p>Un atelier individuel : 45 euros<\/p>\n\n\n\n<p>Un atelier collectif : 100 euros<\/p>\n\n\n\n<p class=\"has-text-align-left has-dark-red-color has-text-color\"><span class=\"has-inline-color has-medium-gray-color\"><em>Vous pouvez me contacter via le <a href=\".\/index.php\/contact\/\">formulaire<\/a> pour toute demande de devis.<\/em><\/span><\/p>\n\n\n\n<p><strong>Les \u0153uvres du patient <\/strong>  <br>Les \u0153uvres sont la propri\u00e9t\u00e9 de leur auteur et ne sont pas sujettes \u00e0 interpr\u00e9tation par l&rsquo;art-th\u00e9rapeute<\/p>\n<\/div><\/div>\n\n\n\n<p><\/p>\n\n\n\n<figure class=\"wp-block-gallery columns-4 is-cropped wp-block-gallery-1 is-layout-flex wp-block-gallery-is-layout-flex\"><ul class=\"blocks-gallery-grid\"><li class=\"blocks-gallery-item\"><figure><img loading=\"lazy\" decoding=\"async\" width=\"1024\" height=\"870\" src=\"https:\/\/sandra-masse-art-therapie.fr\/wp-content\/uploads\/2020\/05\/Copie-de-015.jpg-transfo-1024x870.jpg\" alt=\"\" data-id=\"257\" data-link=\"https:\/\/sandra-masse-art-therapie.fr\/sony-dsc\/\" class=\"wp-image-257\" srcset=\"https:\/\/sandra-masse-art-therapie.fr\/wp-content\/uploads\/2020\/05\/Copie-de-015.jpg-transfo-1024x870.jpg 1024w, https:\/\/sandra-masse-art-therapie.fr\/wp-content\/uploads\/2020\/05\/Copie-de-015.jpg-transfo-300x255.jpg 300w, https:\/\/sandra-masse-art-therapie.fr\/wp-content\/uploads\/2020\/05\/Copie-de-015.jpg-transfo-768x652.jpg 768w, https:\/\/sandra-masse-art-therapie.fr\/wp-content\/uploads\/2020\/05\/Copie-de-015.jpg-transfo-1200x1019.jpg 1200w\" sizes=\"auto, (max-width: 709px) 85vw, (max-width: 909px) 67vw, (max-width: 1362px) 62vw, 840px\" \/><\/figure><\/li><li class=\"blocks-gallery-item\"><figure><img loading=\"lazy\" decoding=\"async\" width=\"724\" height=\"1024\" src=\"https:\/\/sandra-masse-art-therapie.fr\/wp-content\/uploads\/2020\/05\/20170705_133524.jpg-transfo-724x1024.jpg\" alt=\"\" data-id=\"252\" data-link=\"https:\/\/sandra-masse-art-therapie.fr\/20170705_133524-jpg-transfo\/\" class=\"wp-image-252\" srcset=\"https:\/\/sandra-masse-art-therapie.fr\/wp-content\/uploads\/2020\/05\/20170705_133524.jpg-transfo-724x1024.jpg 724w, https:\/\/sandra-masse-art-therapie.fr\/wp-content\/uploads\/2020\/05\/20170705_133524.jpg-transfo-212x300.jpg 212w, https:\/\/sandra-masse-art-therapie.fr\/wp-content\/uploads\/2020\/05\/20170705_133524.jpg-transfo-768x1086.jpg 768w, https:\/\/sandra-masse-art-therapie.fr\/wp-content\/uploads\/2020\/05\/20170705_133524.jpg-transfo-1200x1696.jpg 1200w, https:\/\/sandra-masse-art-therapie.fr\/wp-content\/uploads\/2020\/05\/20170705_133524.jpg-transfo.jpg 1625w\" sizes=\"auto, (max-width: 724px) 85vw, 724px\" \/><\/figure><\/li><li class=\"blocks-gallery-item\"><figure><img loading=\"lazy\" decoding=\"async\" width=\"1024\" height=\"733\" src=\"https:\/\/sandra-masse-art-therapie.fr\/wp-content\/uploads\/2020\/05\/2016-02-12-17.59.40.jpg-Transfo-1024x733.jpg\" alt=\"\" data-id=\"242\" data-link=\"https:\/\/sandra-masse-art-therapie.fr\/2016-02-12-17-59-40-jpg-transfo\/\" class=\"wp-image-242\" srcset=\"https:\/\/sandra-masse-art-therapie.fr\/wp-content\/uploads\/2020\/05\/2016-02-12-17.59.40.jpg-Transfo-1024x733.jpg 1024w, https:\/\/sandra-masse-art-therapie.fr\/wp-content\/uploads\/2020\/05\/2016-02-12-17.59.40.jpg-Transfo-300x215.jpg 300w, https:\/\/sandra-masse-art-therapie.fr\/wp-content\/uploads\/2020\/05\/2016-02-12-17.59.40.jpg-Transfo-768x549.jpg 768w, https:\/\/sandra-masse-art-therapie.fr\/wp-content\/uploads\/2020\/05\/2016-02-12-17.59.40.jpg-Transfo-1200x859.jpg 1200w\" sizes=\"auto, (max-width: 709px) 85vw, (max-width: 909px) 67vw, (max-width: 1362px) 62vw, 840px\" \/><\/figure><\/li><li class=\"blocks-gallery-item\"><figure><img loading=\"lazy\" decoding=\"async\" width=\"1024\" height=\"585\" src=\"https:\/\/sandra-masse-art-therapie.fr\/wp-content\/uploads\/2020\/05\/20170823_170435.jpg-transfo-2-1024x585.jpg\" alt=\"\" data-id=\"255\" data-link=\"https:\/\/sandra-masse-art-therapie.fr\/20170823_170435-jpg-transfo-2\/\" class=\"wp-image-255\" srcset=\"https:\/\/sandra-masse-art-therapie.fr\/wp-content\/uploads\/2020\/05\/20170823_170435.jpg-transfo-2-1024x585.jpg 1024w, https:\/\/sandra-masse-art-therapie.fr\/wp-content\/uploads\/2020\/05\/20170823_170435.jpg-transfo-2-300x171.jpg 300w, https:\/\/sandra-masse-art-therapie.fr\/wp-content\/uploads\/2020\/05\/20170823_170435.jpg-transfo-2-768x439.jpg 768w, https:\/\/sandra-masse-art-therapie.fr\/wp-content\/uploads\/2020\/05\/20170823_170435.jpg-transfo-2-1200x686.jpg 1200w\" sizes=\"auto, (max-width: 709px) 85vw, (max-width: 909px) 67vw, (max-width: 1362px) 62vw, 840px\" \/><\/figure><\/li><li class=\"blocks-gallery-item\"><figure><img loading=\"lazy\" decoding=\"async\" width=\"864\" height=\"1024\" src=\"https:\/\/sandra-masse-art-therapie.fr\/wp-content\/uploads\/2020\/05\/20170705_134020.jpg-transfo-864x1024.jpg\" alt=\"\" data-id=\"253\" data-link=\"https:\/\/sandra-masse-art-therapie.fr\/20170705_134020-jpg-transfo\/\" class=\"wp-image-253\" srcset=\"https:\/\/sandra-masse-art-therapie.fr\/wp-content\/uploads\/2020\/05\/20170705_134020.jpg-transfo-864x1024.jpg 864w, https:\/\/sandra-masse-art-therapie.fr\/wp-content\/uploads\/2020\/05\/20170705_134020.jpg-transfo-253x300.jpg 253w, https:\/\/sandra-masse-art-therapie.fr\/wp-content\/uploads\/2020\/05\/20170705_134020.jpg-transfo-768x910.jpg 768w, https:\/\/sandra-masse-art-therapie.fr\/wp-content\/uploads\/2020\/05\/20170705_134020.jpg-transfo-1200x1422.jpg 1200w, https:\/\/sandra-masse-art-therapie.fr\/wp-content\/uploads\/2020\/05\/20170705_134020.jpg-transfo.jpg 1787w\" sizes=\"auto, (max-width: 709px) 85vw, (max-width: 909px) 67vw, (max-width: 1362px) 62vw, 840px\" \/><\/figure><\/li><li class=\"blocks-gallery-item\"><figure><img loading=\"lazy\" decoding=\"async\" width=\"685\" height=\"1024\" src=\"https:\/\/sandra-masse-art-therapie.fr\/wp-content\/uploads\/2020\/05\/sandra-sculptures-012-685x1024.jpg\" alt=\"\" data-id=\"266\" data-link=\"https:\/\/sandra-masse-art-therapie.fr\/sony-dsc-4\/\" class=\"wp-image-266\" srcset=\"https:\/\/sandra-masse-art-therapie.fr\/wp-content\/uploads\/2020\/05\/sandra-sculptures-012-685x1024.jpg 685w, https:\/\/sandra-masse-art-therapie.fr\/wp-content\/uploads\/2020\/05\/sandra-sculptures-012-201x300.jpg 201w, https:\/\/sandra-masse-art-therapie.fr\/wp-content\/uploads\/2020\/05\/sandra-sculptures-012-768x1147.jpg 768w, https:\/\/sandra-masse-art-therapie.fr\/wp-content\/uploads\/2020\/05\/sandra-sculptures-012-1200x1793.jpg 1200w\" sizes=\"auto, (max-width: 685px) 85vw, 685px\" \/><\/figure><\/li><\/ul><\/figure>\n","protected":false},"excerpt":{"rendered":"<p>En lib\u00e9ral \u00e0 domicile, ou au sein d&rsquo;une structure pluridisciplinaire sociale ou m\u00e9dico-sociale, en milieu hospitalier, l&rsquo;Art-th\u00e9rapie s&rsquo;appuie sur les capacit\u00e9s et comp\u00e9tences du patient pour construire la prise en soin. Cette discipline peut \u00eatre compl\u00e9mentaire d&rsquo;un programme de soin plus global. Les ateliers sont individualis\u00e9s ou collectifs (5&nbsp;personnes en moyenne). Le nombre de s\u00e9ances &hellip; <a href=\"https:\/\/sandra-masse-art-therapie.fr\/index.php\/les-ateliers\/\" class=\"more-link\">Continuer la lecture<span class=\"screen-reader-text\"> de &laquo;&nbsp;Les ateliers&nbsp;&raquo;<\/span><\/a><\/p>\n","protected":false},"author":1,"featured_media":0,"parent":0,"menu_order":0,"comment_status":"closed","ping_status":"closed","template":"","meta":{"footnotes":""},"class_list":["post-9","page","type-page","status-publish","hentry"],"yoast_head":"<!-- This site is optimized with the Yoast SEO plugin v27.3 - https:\/\/yoast.com\/product\/yoast-seo-wordpress\/ -->\n<title>Sandra Mass\u00e9 - Art-th\u00e9rapie &#8226; Les ateliers<\/title>\n<meta name=\"description\" content=\"Interventions en Art-th\u00e9rapie, \u00e0 domicile ou en structure. Ateliers individuels ou collectifs. Oeuvres des patients non interpr\u00e9t\u00e9es.\" \/>\n<meta name=\"robots\" content=\"index, follow, max-snippet:-1, max-image-preview:large, max-video-preview:-1\" \/>\n<link rel=\"canonical\" href=\"https:\/\/sandra-masse-art-therapie.fr\/index.php\/les-ateliers\/\" \/>\n<meta property=\"og:locale\" content=\"fr_FR\" \/>\n<meta property=\"og:type\" content=\"article\" \/>\n<meta property=\"og:title\" content=\"Sandra Mass\u00e9 - Art-th\u00e9rapie &#8226; Les ateliers\" \/>\n<meta property=\"og:description\" content=\"Interventions en Art-th\u00e9rapie, \u00e0 domicile ou en structure. Ateliers individuels ou collectifs. Oeuvres des patients non interpr\u00e9t\u00e9es.\" \/>\n<meta property=\"og:url\" content=\"https:\/\/sandra-masse-art-therapie.fr\/index.php\/les-ateliers\/\" \/>\n<meta property=\"og:site_name\" content=\"Sandra Mass\u00e9\" \/>\n<meta property=\"article:modified_time\" content=\"2022-01-20T19:21:15+00:00\" \/>\n<meta property=\"og:image\" content=\"https:\/\/sandra-masse-art-therapie.fr\/wp-content\/uploads\/2020\/05\/Copie-de-l_oiseau-po\u00e8te.jpg\" \/>\n<meta name=\"twitter:card\" content=\"summary_large_image\" \/>\n<meta name=\"twitter:label1\" content=\"Dur\u00e9e de lecture estim\u00e9e\" \/>\n\t<meta name=\"twitter:data1\" content=\"3 minutes\" \/>\n<script type=\"application\/ld+json\" class=\"yoast-schema-graph\">{\"@context\":\"https:\\\/\\\/schema.org\",\"@graph\":[{\"@type\":\"WebPage\",\"@id\":\"https:\\\/\\\/sandra-masse-art-therapie.fr\\\/index.php\\\/les-ateliers\\\/\",\"url\":\"https:\\\/\\\/sandra-masse-art-therapie.fr\\\/index.php\\\/les-ateliers\\\/\",\"name\":\"Sandra Mass\u00e9 - Art-th\u00e9rapie &#8226; Les ateliers\",\"isPartOf\":{\"@id\":\"https:\\\/\\\/sandra-masse-art-therapie.fr\\\/#website\"},\"primaryImageOfPage\":{\"@id\":\"https:\\\/\\\/sandra-masse-art-therapie.fr\\\/index.php\\\/les-ateliers\\\/#primaryimage\"},\"image\":{\"@id\":\"https:\\\/\\\/sandra-masse-art-therapie.fr\\\/index.php\\\/les-ateliers\\\/#primaryimage\"},\"thumbnailUrl\":\"https:\\\/\\\/sandra-masse-art-therapie.fr\\\/wp-content\\\/uploads\\\/2020\\\/05\\\/Copie-de-015.jpg-transfo-1024x870.jpg\",\"datePublished\":\"2020-02-06T11:33:45+00:00\",\"dateModified\":\"2022-01-20T19:21:15+00:00\",\"description\":\"Interventions en Art-th\u00e9rapie, \u00e0 domicile ou en structure. Ateliers individuels ou collectifs. Oeuvres des patients non interpr\u00e9t\u00e9es.\",\"breadcrumb\":{\"@id\":\"https:\\\/\\\/sandra-masse-art-therapie.fr\\\/index.php\\\/les-ateliers\\\/#breadcrumb\"},\"inLanguage\":\"fr-FR\",\"potentialAction\":[{\"@type\":\"ReadAction\",\"target\":[\"https:\\\/\\\/sandra-masse-art-therapie.fr\\\/index.php\\\/les-ateliers\\\/\"]}]},{\"@type\":\"ImageObject\",\"inLanguage\":\"fr-FR\",\"@id\":\"https:\\\/\\\/sandra-masse-art-therapie.fr\\\/index.php\\\/les-ateliers\\\/#primaryimage\",\"url\":\"https:\\\/\\\/sandra-masse-art-therapie.fr\\\/wp-content\\\/uploads\\\/2020\\\/05\\\/Copie-de-015.jpg-transfo.jpg\",\"contentUrl\":\"https:\\\/\\\/sandra-masse-art-therapie.fr\\\/wp-content\\\/uploads\\\/2020\\\/05\\\/Copie-de-015.jpg-transfo.jpg\",\"width\":3051,\"height\":2591,\"caption\":\"Sandra Mass\u00e9 Art-Th\u00e9rapie Arts Plastiques - Modellage\"},{\"@type\":\"BreadcrumbList\",\"@id\":\"https:\\\/\\\/sandra-masse-art-therapie.fr\\\/index.php\\\/les-ateliers\\\/#breadcrumb\",\"itemListElement\":[{\"@type\":\"ListItem\",\"position\":1,\"name\":\"Accueil\",\"item\":\"https:\\\/\\\/sandra-masse-art-therapie.fr\\\/\"},{\"@type\":\"ListItem\",\"position\":2,\"name\":\"Les ateliers\"}]},{\"@type\":\"WebSite\",\"@id\":\"https:\\\/\\\/sandra-masse-art-therapie.fr\\\/#website\",\"url\":\"https:\\\/\\\/sandra-masse-art-therapie.fr\\\/\",\"name\":\"Sandra Mass\u00e9\",\"description\":\"ART-TH\u00c9RAPEUTE\",\"publisher\":{\"@id\":\"https:\\\/\\\/sandra-masse-art-therapie.fr\\\/#organization\"},\"potentialAction\":[{\"@type\":\"SearchAction\",\"target\":{\"@type\":\"EntryPoint\",\"urlTemplate\":\"https:\\\/\\\/sandra-masse-art-therapie.fr\\\/?s={search_term_string}\"},\"query-input\":{\"@type\":\"PropertyValueSpecification\",\"valueRequired\":true,\"valueName\":\"search_term_string\"}}],\"inLanguage\":\"fr-FR\"},{\"@type\":\"Organization\",\"@id\":\"https:\\\/\\\/sandra-masse-art-therapie.fr\\\/#organization\",\"name\":\"Sandra Mass\u00e9 Art-th\u00e9rapeute\",\"url\":\"https:\\\/\\\/sandra-masse-art-therapie.fr\\\/\",\"logo\":{\"@type\":\"ImageObject\",\"inLanguage\":\"fr-FR\",\"@id\":\"https:\\\/\\\/sandra-masse-art-therapie.fr\\\/#\\\/schema\\\/logo\\\/image\\\/\",\"url\":\"https:\\\/\\\/sandra-masse-art-therapie.fr\\\/wp-content\\\/uploads\\\/2020\\\/02\\\/carte_visite_1.jpg\",\"contentUrl\":\"https:\\\/\\\/sandra-masse-art-therapie.fr\\\/wp-content\\\/uploads\\\/2020\\\/02\\\/carte_visite_1.jpg\",\"width\":1004,\"height\":650,\"caption\":\"Sandra Mass\u00e9 Art-th\u00e9rapeute\"},\"image\":{\"@id\":\"https:\\\/\\\/sandra-masse-art-therapie.fr\\\/#\\\/schema\\\/logo\\\/image\\\/\"},\"sameAs\":[\"https:\\\/\\\/www.linkedin.com\\\/in\\\/sandra-mass\u00e9-544896109\"]}]}<\/script>\n<!-- \/ Yoast SEO plugin. -->","yoast_head_json":{"title":"Sandra Mass\u00e9 - Art-th\u00e9rapie &#8226; Les ateliers","description":"Interventions en Art-th\u00e9rapie, \u00e0 domicile ou en structure. Ateliers individuels ou collectifs. Oeuvres des patients non interpr\u00e9t\u00e9es.","robots":{"index":"index","follow":"follow","max-snippet":"max-snippet:-1","max-image-preview":"max-image-preview:large","max-video-preview":"max-video-preview:-1"},"canonical":"https:\/\/sandra-masse-art-therapie.fr\/index.php\/les-ateliers\/","og_locale":"fr_FR","og_type":"article","og_title":"Sandra Mass\u00e9 - Art-th\u00e9rapie &#8226; Les ateliers","og_description":"Interventions en Art-th\u00e9rapie, \u00e0 domicile ou en structure. Ateliers individuels ou collectifs. Oeuvres des patients non interpr\u00e9t\u00e9es.","og_url":"https:\/\/sandra-masse-art-therapie.fr\/index.php\/les-ateliers\/","og_site_name":"Sandra Mass\u00e9","article_modified_time":"2022-01-20T19:21:15+00:00","og_image":[{"url":"https:\/\/sandra-masse-art-therapie.fr\/wp-content\/uploads\/2020\/05\/Copie-de-l_oiseau-po\u00e8te.jpg","type":"","width":"","height":""}],"twitter_card":"summary_large_image","twitter_misc":{"Dur\u00e9e de lecture estim\u00e9e":"3 minutes"},"schema":{"@context":"https:\/\/schema.org","@graph":[{"@type":"WebPage","@id":"https:\/\/sandra-masse-art-therapie.fr\/index.php\/les-ateliers\/","url":"https:\/\/sandra-masse-art-therapie.fr\/index.php\/les-ateliers\/","name":"Sandra Mass\u00e9 - Art-th\u00e9rapie &#8226; Les ateliers","isPartOf":{"@id":"https:\/\/sandra-masse-art-therapie.fr\/#website"},"primaryImageOfPage":{"@id":"https:\/\/sandra-masse-art-therapie.fr\/index.php\/les-ateliers\/#primaryimage"},"image":{"@id":"https:\/\/sandra-masse-art-therapie.fr\/index.php\/les-ateliers\/#primaryimage"},"thumbnailUrl":"https:\/\/sandra-masse-art-therapie.fr\/wp-content\/uploads\/2020\/05\/Copie-de-015.jpg-transfo-1024x870.jpg","datePublished":"2020-02-06T11:33:45+00:00","dateModified":"2022-01-20T19:21:15+00:00","description":"Interventions en Art-th\u00e9rapie, \u00e0 domicile ou en structure. Ateliers individuels ou collectifs. Oeuvres des patients non interpr\u00e9t\u00e9es.","breadcrumb":{"@id":"https:\/\/sandra-masse-art-therapie.fr\/index.php\/les-ateliers\/#breadcrumb"},"inLanguage":"fr-FR","potentialAction":[{"@type":"ReadAction","target":["https:\/\/sandra-masse-art-therapie.fr\/index.php\/les-ateliers\/"]}]},{"@type":"ImageObject","inLanguage":"fr-FR","@id":"https:\/\/sandra-masse-art-therapie.fr\/index.php\/les-ateliers\/#primaryimage","url":"https:\/\/sandra-masse-art-therapie.fr\/wp-content\/uploads\/2020\/05\/Copie-de-015.jpg-transfo.jpg","contentUrl":"https:\/\/sandra-masse-art-therapie.fr\/wp-content\/uploads\/2020\/05\/Copie-de-015.jpg-transfo.jpg","width":3051,"height":2591,"caption":"Sandra Mass\u00e9 Art-Th\u00e9rapie Arts Plastiques - Modellage"},{"@type":"BreadcrumbList","@id":"https:\/\/sandra-masse-art-therapie.fr\/index.php\/les-ateliers\/#breadcrumb","itemListElement":[{"@type":"ListItem","position":1,"name":"Accueil","item":"https:\/\/sandra-masse-art-therapie.fr\/"},{"@type":"ListItem","position":2,"name":"Les ateliers"}]},{"@type":"WebSite","@id":"https:\/\/sandra-masse-art-therapie.fr\/#website","url":"https:\/\/sandra-masse-art-therapie.fr\/","name":"Sandra Mass\u00e9","description":"ART-TH\u00c9RAPEUTE","publisher":{"@id":"https:\/\/sandra-masse-art-therapie.fr\/#organization"},"potentialAction":[{"@type":"SearchAction","target":{"@type":"EntryPoint","urlTemplate":"https:\/\/sandra-masse-art-therapie.fr\/?s={search_term_string}"},"query-input":{"@type":"PropertyValueSpecification","valueRequired":true,"valueName":"search_term_string"}}],"inLanguage":"fr-FR"},{"@type":"Organization","@id":"https:\/\/sandra-masse-art-therapie.fr\/#organization","name":"Sandra Mass\u00e9 Art-th\u00e9rapeute","url":"https:\/\/sandra-masse-art-therapie.fr\/","logo":{"@type":"ImageObject","inLanguage":"fr-FR","@id":"https:\/\/sandra-masse-art-therapie.fr\/#\/schema\/logo\/image\/","url":"https:\/\/sandra-masse-art-therapie.fr\/wp-content\/uploads\/2020\/02\/carte_visite_1.jpg","contentUrl":"https:\/\/sandra-masse-art-therapie.fr\/wp-content\/uploads\/2020\/02\/carte_visite_1.jpg","width":1004,"height":650,"caption":"Sandra Mass\u00e9 Art-th\u00e9rapeute"},"image":{"@id":"https:\/\/sandra-masse-art-therapie.fr\/#\/schema\/logo\/image\/"},"sameAs":["https:\/\/www.linkedin.com\/in\/sandra-mass\u00e9-544896109"]}]}},"_links":{"self":[{"href":"https:\/\/sandra-masse-art-therapie.fr\/index.php\/wp-json\/wp\/v2\/pages\/9","targetHints":{"allow":["GET"]}}],"collection":[{"href":"https:\/\/sandra-masse-art-therapie.fr\/index.php\/wp-json\/wp\/v2\/pages"}],"about":[{"href":"https:\/\/sandra-masse-art-therapie.fr\/index.php\/wp-json\/wp\/v2\/types\/page"}],"author":[{"embeddable":true,"href":"https:\/\/sandra-masse-art-therapie.fr\/index.php\/wp-json\/wp\/v2\/users\/1"}],"replies":[{"embeddable":true,"href":"https:\/\/sandra-masse-art-therapie.fr\/index.php\/wp-json\/wp\/v2\/comments?post=9"}],"version-history":[{"count":15,"href":"https:\/\/sandra-masse-art-therapie.fr\/index.php\/wp-json\/wp\/v2\/pages\/9\/revisions"}],"predecessor-version":[{"id":521,"href":"https:\/\/sandra-masse-art-therapie.fr\/index.php\/wp-json\/wp\/v2\/pages\/9\/revisions\/521"}],"wp:attachment":[{"href":"https:\/\/sandra-masse-art-therapie.fr\/index.php\/wp-json\/wp\/v2\/media?parent=9"}],"curies":[{"name":"wp","href":"https:\/\/api.w.org\/{rel}","templated":true}]}}